{"id":49,"date":"2024-09-17T16:26:16","date_gmt":"2024-09-17T16:26:16","guid":{"rendered":"https:\/\/caba-acab.ca\/?page_id=49"},"modified":"2025-11-16T13:25:20","modified_gmt":"2025-11-16T17:25:20","slug":"about","status":"publish","type":"page","link":"https:\/\/caba-acab.ca\/fr\/about\/","title":{"rendered":"Nous conna\u00eetre"},"content":{"rendered":"<div data-elementor-type=\"wp-page\" data-elementor-id=\"49\" class=\"elementor elementor-49\" data-elementor-post-type=\"page\">\n\t\t\t\t<div class=\"elementor-element elementor-element-e92c454 e-flex e-con-boxed e-con e-parent\" data-id=\"e92c454\" data-element_type=\"container\">\n\t\t\t\t\t<div class=\"e-con-inner\">\n\t\t\t\t<div class=\"elementor-element elementor-element-ff0c5b9 elementor-widget elementor-widget-spacer\" data-id=\"ff0c5b9\" data-element_type=\"widget\" data-widget_type=\"spacer.default\">\n\t\t\t\t<div class=\"elementor-widget-container\">\n\t\t\t\t\t\t\t<div class=\"elementor-spacer\">\n\t\t\t<div class=\"elementor-spacer-inner\"><\/div>\n\t\t<\/div>\n\t\t\t\t\t\t<\/div>\n\t\t\t\t<\/div>\n\t\t\t\t<div class=\"elementor-element elementor-element-2f82ea2 elementor-widget elementor-widget-heading\" data-id=\"2f82ea2\" data-element_type=\"widget\" data-widget_type=\"heading.default\">\n\t\t\t\t<div class=\"elementor-widget-container\">\n\t\t\t\t\t<h2 class=\"elementor-heading-title elementor-size-default\">Nous conna\u00eetre<\/h2>\t\t\t\t<\/div>\n\t\t\t\t<\/div>\n\t\t<div class=\"elementor-element elementor-element-97748cd e-con-full e-flex e-con e-child\" data-id=\"97748cd\" data-element_type=\"container\">\n\t\t<div class=\"elementor-element elementor-element-3724388 e-con-full e-flex e-con e-child\" data-id=\"3724388\" data-element_type=\"container\">\n\t\t\t\t<div class=\"elementor-element elementor-element-09e7017 elementor-widget elementor-widget-text-editor\" data-id=\"09e7017\" data-element_type=\"widget\" data-widget_type=\"text-editor.default\">\n\t\t\t\t<div class=\"elementor-widget-container\">\n\t\t\t\t\t\t\t\t\t<p>L'Association canadienne d'anthropologie biologique (CABA-ACAB) est une soci\u00e9t\u00e9 savante qui a pour mission de promouvoir la connaissance et la compr\u00e9hension de l'anthropologie biologique. Nos membres, y compris des chercheurs et des \u00e9tudiants internationaux, \u00e9tudient l'adaptation, la variabilit\u00e9 et l'\u00e9volution de l'humanit\u00e9, ainsi que de nos anc\u00eatres hominin\u00e9s et des primates non humains qui nous sont apparent\u00e9s. CABA-ACAB est intrins\u00e8quement multidisciplinaire, puisant dans les sciences naturelles et sociales pour enrichir l'\u00e9tude de la diversit\u00e9 et de la complexit\u00e9 humaines.<\/p>\n<p>Fond\u00e9 en 1972, le CABA-ACAB a \u00e9t\u00e9 cr\u00e9\u00e9 pour offrir aux anthropologues biologiques canadiens une plateforme professionnelle leur permettant de se rencontrer, de partager leurs recherches et de collaborer sans avoir \u00e0 se rendre \u00e0 l'\u00e9tranger. Depuis lors, nous avons organis\u00e9 des r\u00e9unions annuelles et soutenu diverses publications scientifiques, des opportunit\u00e9s \u00e9ducatives et des initiatives d'engagement communautaire. Notre engagement en faveur de la diversit\u00e9, de l'inclusion et du respect est au c\u0153ur de nos activit\u00e9s, garantissant que notre association reste accueillante et solidaire pour tous ses membres.<\/p>\t\t\t\t\t\t\t\t<\/div>\n\t\t\t\t<\/div>\n\t\t\t\t<\/div>\n\t\t<div class=\"elementor-element elementor-element-4ac53ae e-con-full e-flex e-con e-child\" data-id=\"4ac53ae\" data-element_type=\"container\">\n\t\t\t\t<div class=\"elementor-element elementor-element-65e038f elementor-widget elementor-widget-image\" data-id=\"65e038f\" data-element_type=\"widget\" data-widget_type=\"image.default\">\n\t\t\t\t<div class=\"elementor-widget-container\">\n\t\t\t\t\t\t\t\t\t\t\t\t\t\t\t<img fetchpriority=\"high\" decoding=\"async\" width=\"1200\" height=\"800\" src=\"https:\/\/caba-acab.ca\/wp-content\/uploads\/2024\/09\/placeholder-2-1.png\" class=\"attachment-full size-full wp-image-19\" alt=\"\" srcset=\"https:\/\/caba-acab.ca\/wp-content\/uploads\/2024\/09\/placeholder-2-1.png 1200w, https:\/\/caba-acab.ca\/wp-content\/uploads\/2024\/09\/placeholder-2-1-300x200.png 300w, https:\/\/caba-acab.ca\/wp-content\/uploads\/2024\/09\/placeholder-2-1-1024x683.png 1024w, https:\/\/caba-acab.ca\/wp-content\/uploads\/2024\/09\/placeholder-2-1-768x512.png 768w\" sizes=\"(max-width: 1200px) 100vw, 1200px\" \/>\t\t\t\t\t\t\t\t\t\t\t\t\t\t\t<\/div>\n\t\t\t\t<\/div>\n\t\t\t\t<\/div>\n\t\t\t\t<\/div>\n\t\t\t\t\t<\/div>\n\t\t\t\t<\/div>\n\t\t<div class=\"elementor-element elementor-element-18b4ae8 e-con-full e-flex e-con e-parent\" data-id=\"18b4ae8\" data-element_type=\"container\">\n\t\t\t\t<div class=\"elementor-element elementor-element-556bd53 elementor-widget elementor-widget-spacer\" data-id=\"556bd53\" data-element_type=\"widget\" data-widget_type=\"spacer.default\">\n\t\t\t\t<div class=\"elementor-widget-container\">\n\t\t\t\t\t\t\t<div class=\"elementor-spacer\">\n\t\t\t<div class=\"elementor-spacer-inner\"><\/div>\n\t\t<\/div>\n\t\t\t\t\t\t<\/div>\n\t\t\t\t<\/div>\n\t\t<div class=\"elementor-element elementor-element-f5e4c2c e-flex e-con-boxed e-con e-child\" data-id=\"f5e4c2c\" data-element_type=\"container\">\n\t\t\t\t\t<div class=\"e-con-inner\">\n\t\t<div class=\"elementor-element elementor-element-a2b9904 e-con-full e-flex e-con e-child\" data-id=\"a2b9904\" data-element_type=\"container\">\n\t\t\t\t<div class=\"elementor-element elementor-element-269538e elementor-widget elementor-widget-heading\" data-id=\"269538e\" data-element_type=\"widget\" data-widget_type=\"heading.default\">\n\t\t\t\t<div class=\"elementor-widget-container\">\n\t\t\t\t\t<h3 class=\"elementor-heading-title elementor-size-default\">Administrateurs<\/h3>\t\t\t\t<\/div>\n\t\t\t\t<\/div>\n\t\t\t\t<div class=\"elementor-element elementor-element-2dbc0b5 elementor-view-default elementor-widget elementor-widget-icon\" data-id=\"2dbc0b5\" data-element_type=\"widget\" data-widget_type=\"icon.default\">\n\t\t\t\t<div class=\"elementor-widget-container\">\n\t\t\t\t\t\t\t<div class=\"elementor-icon-wrapper\">\n\t\t\t<a class=\"elementor-icon elementor-animation-shrink\" href=\"\/fr\/about\/officers\/\">\n\t\t\t<svg aria-hidden=\"true\" class=\"e-font-icon-svg e-fas-street-view\" viewbox=\"0 0 512 512\" xmlns=\"http:\/\/www.w3.org\/2000\/svg\"><path d=\"M367.9 329.76c-4.62 5.3-9.78 10.1-15.9 13.65v22.94c66.52 9.34 112 28.05 112 49.65 0 30.93-93.12 56-208 56S48 446.93 48 416c0-21.6 45.48-40.3 112-49.65v-22.94c-6.12-3.55-11.28-8.35-15.9-13.65C58.87 345.34 0 378.05 0 416c0 53.02 114.62 96 256 96s256-42.98 256-96c0-37.95-58.87-70.66-144.1-86.24zM256 128c35.35 0 64-28.65 64-64S291.35 0 256 0s-64 28.65-64 64 28.65 64 64 64zm-64 192v96c0 17.67 14.33 32 32 32h64c17.67 0 32-14.33 32-32v-96c17.67 0 32-14.33 32-32v-96c0-26.51-21.49-48-48-48h-11.8c-11.07 5.03-23.26 8-36.2 8s-25.13-2.97-36.2-8H208c-26.51 0-48 21.49-48 48v96c0 17.67 14.33 32 32 32z\"><\/path><\/svg>\t\t\t<\/a>\n\t\t<\/div>\n\t\t\t\t\t\t<\/div>\n\t\t\t\t<\/div>\n\t\t\t\t<\/div>\n\t\t<div class=\"elementor-element elementor-element-a529e38 e-con-full e-flex e-con e-child\" data-id=\"a529e38\" data-element_type=\"container\">\n\t\t\t\t<div class=\"elementor-element elementor-element-e79b5bb elementor-widget elementor-widget-heading\" data-id=\"e79b5bb\" data-element_type=\"widget\" data-widget_type=\"heading.default\">\n\t\t\t\t<div class=\"elementor-widget-container\">\n\t\t\t\t\t<h3 class=\"elementor-heading-title elementor-size-default\">Notre histoire<\/h3>\t\t\t\t<\/div>\n\t\t\t\t<\/div>\n\t\t\t\t<div class=\"elementor-element elementor-element-8aea8f5 elementor-view-default elementor-widget elementor-widget-icon\" data-id=\"8aea8f5\" data-element_type=\"widget\" data-widget_type=\"icon.default\">\n\t\t\t\t<div class=\"elementor-widget-container\">\n\t\t\t\t\t\t\t<div class=\"elementor-icon-wrapper\">\n\t\t\t<a class=\"elementor-icon elementor-animation-shrink\" href=\"\/fr\/about\/history\/\">\n\t\t\t<svg aria-hidden=\"true\" class=\"e-font-icon-svg e-fas-history\" viewbox=\"0 0 512 512\" xmlns=\"http:\/\/www.w3.org\/2000\/svg\"><path d=\"M504 255.531c.253 136.64-111.18 248.372-247.82 248.468-59.015.042-113.223-20.53-155.822-54.911-11.077-8.94-11.905-25.541-1.839-35.607l11.267-11.267c8.609-8.609 22.353-9.551 31.891-1.984C173.062 425.135 212.781 440 256 440c101.705 0 184-82.311 184-184 0-101.705-82.311-184-184-184-48.814 0-93.149 18.969-126.068 49.932l50.754 50.754c10.08 10.08 2.941 27.314-11.313 27.314H24c-8.837 0-16-7.163-16-16V38.627c0-14.254 17.234-21.393 27.314-11.314l49.372 49.372C129.209 34.136 189.552 8 256 8c136.81 0 247.747 110.78 248 247.531zm-180.912 78.784l9.823-12.63c8.138-10.463 6.253-25.542-4.21-33.679L288 256.349V152c0-13.255-10.745-24-24-24h-16c-13.255 0-24 10.745-24 24v135.651l65.409 50.874c10.463 8.137 25.541 6.253 33.679-4.21z\"><\/path><\/svg>\t\t\t<\/a>\n\t\t<\/div>\n\t\t\t\t\t\t<\/div>\n\t\t\t\t<\/div>\n\t\t\t\t<\/div>\n\t\t<a class=\"elementor-element elementor-element-fd048cc e-con-full e-flex e-con e-child\" data-id=\"fd048cc\" data-element_type=\"container\" href=\"https:\/\/caba-acab.ca\/fr\/constitution\/\">\n\t\t\t\t<div class=\"elementor-element elementor-element-9805eb5 elementor-widget elementor-widget-heading\" data-id=\"9805eb5\" data-element_type=\"widget\" data-widget_type=\"heading.default\">\n\t\t\t\t<div class=\"elementor-widget-container\">\n\t\t\t\t\t<h3 class=\"elementor-heading-title elementor-size-default\">Mission et constitution<\/h3>\t\t\t\t<\/div>\n\t\t\t\t<\/div>\n\t\t\t\t<div class=\"elementor-element elementor-element-958a3a6 elementor-view-default elementor-widget elementor-widget-icon\" data-id=\"958a3a6\" data-element_type=\"widget\" data-widget_type=\"icon.default\">\n\t\t\t\t<div class=\"elementor-widget-container\">\n\t\t\t\t\t\t\t<div class=\"elementor-icon-wrapper\">\n\t\t\t<div class=\"elementor-icon elementor-animation-shrink\">\n\t\t\t<svg aria-hidden=\"true\" class=\"e-font-icon-svg e-fas-newspaper\" viewbox=\"0 0 576 512\" xmlns=\"http:\/\/www.w3.org\/2000\/svg\"><path d=\"M552 64H88c-13.255 0-24 10.745-24 24v8H24c-13.255 0-24 10.745-24 24v272c0 30.928 25.072 56 56 56h472c26.51 0 48-21.49 48-48V88c0-13.255-10.745-24-24-24zM56 400a8 8 0 0 1-8-8V144h16v248a8 8 0 0 1-8 8zm236-16H140c-6.627 0-12-5.373-12-12v-8c0-6.627 5.373-12 12-12h152c6.627 0 12 5.373 12 12v8c0 6.627-5.373 12-12 12zm208 0H348c-6.627 0-12-5.373-12-12v-8c0-6.627 5.373-12 12-12h152c6.627 0 12 5.373 12 12v8c0 6.627-5.373 12-12 12zm-208-96H140c-6.627 0-12-5.373-12-12v-8c0-6.627 5.373-12 12-12h152c6.627 0 12 5.373 12 12v8c0 6.627-5.373 12-12 12zm208 0H348c-6.627 0-12-5.373-12-12v-8c0-6.627 5.373-12 12-12h152c6.627 0 12 5.373 12 12v8c0 6.627-5.373 12-12 12zm0-96H140c-6.627 0-12-5.373-12-12v-40c0-6.627 5.373-12 12-12h360c6.627 0 12 5.373 12 12v40c0 6.627-5.373 12-12 12z\"><\/path><\/svg>\t\t\t<\/div>\n\t\t<\/div>\n\t\t\t\t\t\t<\/div>\n\t\t\t\t<\/div>\n\t\t\t\t<\/a>\n\t\t\t\t\t<\/div>\n\t\t\t\t<\/div>\n\t\t\t\t<div class=\"elementor-element elementor-element-f981c33 elementor-widget elementor-widget-spacer\" data-id=\"f981c33\" data-element_type=\"widget\" data-widget_type=\"spacer.default\">\n\t\t\t\t<div class=\"elementor-widget-container\">\n\t\t\t\t\t\t\t<div class=\"elementor-spacer\">\n\t\t\t<div class=\"elementor-spacer-inner\"><\/div>\n\t\t<\/div>\n\t\t\t\t\t\t<\/div>\n\t\t\t\t<\/div>\n\t\t\t\t<\/div>\n\t\t\t\t<\/div>","protected":false},"excerpt":{"rendered":"<p>About The Canadian Association for Biological Anthropology (CABA-ACAB) is a learned society committed to promoting awareness and understanding of biological anthropology. Our members, including international scholars and students, explore the adaptation, variability, and evolution of humankind, as well as our hominin ancestors and nonhuman primate relatives. CABA-ACAB is inherently multidisciplinary, drawing from both natural and [&hellip;]<\/p>","protected":false},"author":1,"featured_media":0,"parent":0,"menu_order":0,"comment_status":"closed","ping_status":"closed","template":"","meta":{"_acf_changed":false,"footnotes":""},"class_list":["post-49","page","type-page","status-publish","hentry"],"acf":[],"publishpress_future_action":{"enabled":false,"date":"2026-05-04 15:30:57","action":"change-status","newStatus":"draft","terms":[],"taxonomy":"","extraData":[]},"publishpress_future_workflow_manual_trigger":{"enabledWorkflows":[]},"_links":{"self":[{"href":"https:\/\/caba-acab.ca\/fr\/wp-json\/wp\/v2\/pages\/49","targetHints":{"allow":["GET"]}}],"collection":[{"href":"https:\/\/caba-acab.ca\/fr\/wp-json\/wp\/v2\/pages"}],"about":[{"href":"https:\/\/caba-acab.ca\/fr\/wp-json\/wp\/v2\/types\/page"}],"author":[{"embeddable":true,"href":"https:\/\/caba-acab.ca\/fr\/wp-json\/wp\/v2\/users\/1"}],"replies":[{"embeddable":true,"href":"https:\/\/caba-acab.ca\/fr\/wp-json\/wp\/v2\/comments?post=49"}],"version-history":[{"count":94,"href":"https:\/\/caba-acab.ca\/fr\/wp-json\/wp\/v2\/pages\/49\/revisions"}],"predecessor-version":[{"id":2253,"href":"https:\/\/caba-acab.ca\/fr\/wp-json\/wp\/v2\/pages\/49\/revisions\/2253"}],"wp:attachment":[{"href":"https:\/\/caba-acab.ca\/fr\/wp-json\/wp\/v2\/media?parent=49"}],"curies":[{"name":"wp","href":"https:\/\/api.w.org\/{rel}","templated":true}]}}