{"id":90,"date":"2024-09-17T16:41:47","date_gmt":"2024-09-17T16:41:47","guid":{"rendered":"https:\/\/caba-acab.ca\/?page_id=90"},"modified":"2025-08-16T19:18:58","modified_gmt":"2025-08-16T19:18:58","slug":"membership","status":"publish","type":"page","link":"https:\/\/caba-acab.ca\/fr\/membership\/","title":{"rendered":"Membership"},"content":{"rendered":"<div data-elementor-type=\"wp-page\" data-elementor-id=\"90\" class=\"elementor elementor-90\" data-elementor-post-type=\"page\">\n\t\t\t\t<div class=\"elementor-element elementor-element-ef427f1 e-flex e-con-boxed e-con e-parent\" data-id=\"ef427f1\" data-element_type=\"container\">\n\t\t\t\t\t<div class=\"e-con-inner\">\n\t\t\t\t<div class=\"elementor-element elementor-element-4e71eb5 elementor-widget elementor-widget-spacer\" data-id=\"4e71eb5\" data-element_type=\"widget\" data-widget_type=\"spacer.default\">\n\t\t\t\t<div class=\"elementor-widget-container\">\n\t\t\t\t\t\t\t<div class=\"elementor-spacer\">\n\t\t\t<div class=\"elementor-spacer-inner\"><\/div>\n\t\t<\/div>\n\t\t\t\t\t\t<\/div>\n\t\t\t\t<\/div>\n\t\t\t\t<div class=\"elementor-element elementor-element-283b243 elementor-align-center elementor-widget elementor-widget-button\" data-id=\"283b243\" data-element_type=\"widget\" data-widget_type=\"button.default\">\n\t\t\t\t<div class=\"elementor-widget-container\">\n\t\t\t\t\t\t\t\t\t<div class=\"elementor-button-wrapper\">\n\t\t\t\t\t<a class=\"elementor-button elementor-button-link elementor-size-sm\" href=\"\/fr\/wp-login.php\/?redirect_to=\/renew-membership\/\">\n\t\t\t\t\t\t<span class=\"elementor-button-content-wrapper\">\n\t\t\t\t\t\t\t\t\t<span class=\"elementor-button-text\">Already a Member? Renew Now!<\/span>\n\t\t\t\t\t<\/span>\n\t\t\t\t\t<\/a>\n\t\t\t\t<\/div>\n\t\t\t\t\t\t\t\t<\/div>\n\t\t\t\t<\/div>\n\t\t\t\t<div class=\"elementor-element elementor-element-fa0a309 elementor-widget elementor-widget-spacer\" data-id=\"fa0a309\" data-element_type=\"widget\" data-widget_type=\"spacer.default\">\n\t\t\t\t<div class=\"elementor-widget-container\">\n\t\t\t\t\t\t\t<div class=\"elementor-spacer\">\n\t\t\t<div class=\"elementor-spacer-inner\"><\/div>\n\t\t<\/div>\n\t\t\t\t\t\t<\/div>\n\t\t\t\t<\/div>\n\t\t<div class=\"elementor-element elementor-element-845b1d8 e-con-full e-flex e-con e-child\" data-id=\"845b1d8\" data-element_type=\"container\">\n\t\t\t\t<div class=\"elementor-element elementor-element-a3c63ad elementor-widget elementor-widget-heading\" data-id=\"a3c63ad\" data-element_type=\"widget\" data-widget_type=\"heading.default\">\n\t\t\t\t<div class=\"elementor-widget-container\">\n\t\t\t\t\t<h2 class=\"elementor-heading-title elementor-size-default\">Devenez membre de CABA-ACAB<\/h2>\t\t\t\t<\/div>\n\t\t\t\t<\/div>\n\t\t\t\t<div class=\"elementor-element elementor-element-6c38fc9 elementor-widget elementor-widget-text-editor\" data-id=\"6c38fc9\" data-element_type=\"widget\" data-widget_type=\"text-editor.default\">\n\t\t\t\t<div class=\"elementor-widget-container\">\n\t\t\t\t\t\t\t\t\t<p>Notre association dispose d'une vari\u00e9t\u00e9 de types d'abonnements qui refl\u00e8tent les diff\u00e9rentes \u00e9tapes de la carri\u00e8re de nos membres. Il s'agit d'abonnements pour membres \u00e9tudiants, des membres sp\u00e9ciaux, des membres r\u00e9guliers et des membres \u00e0 vie (voir ci-dessous).<\/p><p>Voici quelques-uns des avantages li\u00e9s \u00e0 l'adh\u00e9sion \u00e0 l'Association canadienne d'anthropologie biologique :<\/p><ul><li>Recevoir la lettre d'information de l'ACBA deux fois par an (au printemps et \u00e0 l'automne)<\/li><li>Recevez un compte de connexion pour le site web du CABA-ACAB qui vous donne acc\u00e8s \u00e0 :<ul><li>Votre statut de membre<\/li><li>T\u00e9l\u00e9chargements PDF des infolettres les plus r\u00e9centes (et des archives) de CABA-ACAB<\/li><li>Documents r\u00e9serv\u00e9s aux membres (par exemple, r\u00e9sum\u00e9s de conf\u00e9rences, compte rendu de la r\u00e9union annuelle, budget annuel)<\/li><li>R\u00e9pertoire des membres<\/li><\/ul><\/li><\/ul><p>L'adh\u00e9sion est ouverte \u00e0 toutes les parties int\u00e9ress\u00e9es par la poursuite de l'objectif de l'Association. Les membres de l'Association appartiennent \u00e0 l'une des quatre cat\u00e9gories suivantes : membres r\u00e9guliers, \u00e9tudiants, membres sp\u00e9ciaux et membres \u00e0 vie. Les membres en r\u00e8gle ont le droit de vote aux assembl\u00e9es annuelles de l'Association et peuvent recevoir les publications de l'Association.<\/p>\t\t\t\t\t\t\t\t<\/div>\n\t\t\t\t<\/div>\n\t\t\t\t<div class=\"elementor-element elementor-element-af332c4 elementor-widget elementor-widget-text-editor\" data-id=\"af332c4\" data-element_type=\"widget\" data-widget_type=\"text-editor.default\">\n\t\t\t\t<div class=\"elementor-widget-container\">\n\t\t\t\t\t\t\t\t\t<p><strong>P\u00e9riode d'adh\u00e9sion : 1er janvier - 31 d\u00e9cembre<\/strong><\/p>\t\t\t\t\t\t\t\t<\/div>\n\t\t\t\t<\/div>\n\t\t<div class=\"elementor-element elementor-element-4425371 e-con-full e-grid e-con e-child\" data-id=\"4425371\" data-element_type=\"container\">\n\t\t<div class=\"elementor-element elementor-element-cf1ee8c e-con-full e-flex e-con e-child\" data-id=\"cf1ee8c\" data-element_type=\"container\">\n\t\t\t\t<div class=\"elementor-element elementor-element-3d87402 elementor-widget elementor-widget-heading\" data-id=\"3d87402\" data-element_type=\"widget\" data-widget_type=\"heading.default\">\n\t\t\t\t<div class=\"elementor-widget-container\">\n\t\t\t\t\t<h2 class=\"elementor-heading-title elementor-size-default\">Membres \u00e9tudiants<\/h2>\t\t\t\t<\/div>\n\t\t\t\t<\/div>\n\t\t\t\t<div class=\"elementor-element elementor-element-e4d7266 elementor-widget elementor-widget-text-editor\" data-id=\"e4d7266\" data-element_type=\"widget\" data-widget_type=\"text-editor.default\">\n\t\t\t\t<div class=\"elementor-widget-container\">\n\t\t\t\t\t\t\t\t\t<p>L'adh\u00e9sion des \u00e9tudiants est ouverte aux \u00e9tudiants universitaires de premier cycle et cycles sup\u00e9rieurs.<\/p><p>\u00a0<\/p><p>CABA-ACAB est un excellent moyen de s'impliquer dans le domaine en d\u00e9but de carri\u00e8re. Ce type d'abonnement permet de b\u00e9n\u00e9ficier d'un financement sp\u00e9cifique pour les \u00e9tudiants et d'assister \u00e0 des conf\u00e9rences.<\/p>\t\t\t\t\t\t\t\t<\/div>\n\t\t\t\t<\/div>\n\t\t\t\t<div class=\"elementor-element elementor-element-f7bde75 elementor-widget elementor-widget-text-editor\" data-id=\"f7bde75\" data-element_type=\"widget\" data-widget_type=\"text-editor.default\">\n\t\t\t\t<div class=\"elementor-widget-container\">\n\t\t\t\t\t\t\t\t\t<p>$30<\/p>\t\t\t\t\t\t\t\t<\/div>\n\t\t\t\t<\/div>\n\t\t\t\t<\/div>\n\t\t<div class=\"elementor-element elementor-element-bcf0e4e e-con-full e-flex e-con e-child\" data-id=\"bcf0e4e\" data-element_type=\"container\">\n\t\t\t\t<div class=\"elementor-element elementor-element-531e525 elementor-widget elementor-widget-heading\" data-id=\"531e525\" data-element_type=\"widget\" data-widget_type=\"heading.default\">\n\t\t\t\t<div class=\"elementor-widget-container\">\n\t\t\t\t\t<h2 class=\"elementor-heading-title elementor-size-default\">Membres r\u00e9guliers<\/h2>\t\t\t\t<\/div>\n\t\t\t\t<\/div>\n\t\t\t\t<div class=\"elementor-element elementor-element-46698ec elementor-widget elementor-widget-text-editor\" data-id=\"46698ec\" data-element_type=\"widget\" data-widget_type=\"text-editor.default\">\n\t\t\t\t<div class=\"elementor-widget-container\">\n\t\t\t\t\t\t\t\t\t<p>Un abonnement r\u00e9gulier est ouvert aux anthropologues et \u00e0 ceux provenant d'autres disciplines apparent\u00e9es dont la pratique de la recherche et de l'enseignement refl\u00e8te l'objectif de l'association. Cela inclut les professeurs d'universit\u00e9 qui occupent des postes de titulaires ou de titulaires permanents.<\/p>\t\t\t\t\t\t\t\t<\/div>\n\t\t\t\t<\/div>\n\t\t\t\t<div class=\"elementor-element elementor-element-373ce0f elementor-widget elementor-widget-text-editor\" data-id=\"373ce0f\" data-element_type=\"widget\" data-widget_type=\"text-editor.default\">\n\t\t\t\t<div class=\"elementor-widget-container\">\n\t\t\t\t\t\t\t\t\t<p>$100<\/p>\t\t\t\t\t\t\t\t<\/div>\n\t\t\t\t<\/div>\n\t\t\t\t<\/div>\n\t\t<div class=\"elementor-element elementor-element-5bbf175 e-con-full e-flex e-con e-child\" data-id=\"5bbf175\" data-element_type=\"container\">\n\t\t\t\t<div class=\"elementor-element elementor-element-1a0b60e elementor-widget elementor-widget-heading\" data-id=\"1a0b60e\" data-element_type=\"widget\" data-widget_type=\"heading.default\">\n\t\t\t\t<div class=\"elementor-widget-container\">\n\t\t\t\t\t<h2 class=\"elementor-heading-title elementor-size-default\">Membres sp\u00e9ciaux<\/h2>\t\t\t\t<\/div>\n\t\t\t\t<\/div>\n\t\t\t\t<div class=\"elementor-element elementor-element-979a046 elementor-widget elementor-widget-text-editor\" data-id=\"979a046\" data-element_type=\"widget\" data-widget_type=\"text-editor.default\">\n\t\t\t\t<div class=\"elementor-widget-container\">\n\t\t\t\t\t\t\t\t\t<p>L'adh\u00e9sion sp\u00e9ciale est ouverte aux anthropologues professionnels et aux professionnels des disciplines apparent\u00e9es qui travaillent en dehors de l'acad\u00e9mie, aux professeurs stagiaires, aux boursiers post-doctoraux, \u00e0 ceux qui sont en attente d'un dipl\u00f4me ou qui se trouvent entre deux programmes d'\u00e9tudes, aux personnes et institutions non pratiquantes (par exemple, les biblioth\u00e8ques), qui s'int\u00e9ressent \u00e0 l'Association, ainsi qu'aux \u00e9tudiants de troisi\u00e8me cycle qui font preuve d'une capacit\u00e9 professionnelle peuvent demander au Conseil d'administration de devenir membres r\u00e9guliers une fois qu'ils ont \u00e9puis\u00e9 leur \u00e9ligibilit\u00e9 en tant que membres \u00e9tudiants.<\/p>\t\t\t\t\t\t\t\t<\/div>\n\t\t\t\t<\/div>\n\t\t\t\t<div class=\"elementor-element elementor-element-e226ef1 elementor-widget elementor-widget-text-editor\" data-id=\"e226ef1\" data-element_type=\"widget\" data-widget_type=\"text-editor.default\">\n\t\t\t\t<div class=\"elementor-widget-container\">\n\t\t\t\t\t\t\t\t\t<p>$30<\/p>\t\t\t\t\t\t\t\t<\/div>\n\t\t\t\t<\/div>\n\t\t\t\t<\/div>\n\t\t<div class=\"elementor-element elementor-element-122f341 e-con-full e-flex e-con e-child\" data-id=\"122f341\" data-element_type=\"container\">\n\t\t\t\t<div class=\"elementor-element elementor-element-6943aa4 elementor-widget elementor-widget-heading\" data-id=\"6943aa4\" data-element_type=\"widget\" data-widget_type=\"heading.default\">\n\t\t\t\t<div class=\"elementor-widget-container\">\n\t\t\t\t\t<h2 class=\"elementor-heading-title elementor-size-default\">Membres \u00e0 vie<\/h2>\t\t\t\t<\/div>\n\t\t\t\t<\/div>\n\t\t\t\t<div class=\"elementor-element elementor-element-22774fe elementor-widget elementor-widget-text-editor\" data-id=\"22774fe\" data-element_type=\"widget\" data-widget_type=\"text-editor.default\">\n\t\t\t\t<div class=\"elementor-widget-container\">\n\t\t\t\t\t\t\t\t\t<p>Les adh\u00e9sions \u00e0 vie peuvent \u00eatre achet\u00e9es au prix de 15 fois la cotisation annuelle au moment de l'achat. Ce type d'adh\u00e9sion permet aux individus d'\u00eatre membres \u00e0 vie de CABA-ACAB sans avoir \u00e0 renouveler leur adh\u00e9sion chaque ann\u00e9e. Cependant, beaucoup de nos membres \u00e0 vie continuent \u00e0 faire des dons actifs \u00e0 notre association. Si vous \u00eates dans ce cas, veuillez vous renseigner aupr\u00e8s du secr\u00e9taire-tr\u00e9sorier pour conna\u00eetre les possibilit\u00e9s de dons !\u00a0<\/p>\t\t\t\t\t\t\t\t<\/div>\n\t\t\t\t<\/div>\n\t\t\t\t<div class=\"elementor-element elementor-element-7552e4e elementor-widget elementor-widget-text-editor\" data-id=\"7552e4e\" data-element_type=\"widget\" data-widget_type=\"text-editor.default\">\n\t\t\t\t<div class=\"elementor-widget-container\">\n\t\t\t\t\t\t\t\t\t<p>$1500<\/p>\t\t\t\t\t\t\t\t<\/div>\n\t\t\t\t<\/div>\n\t\t\t\t<\/div>\n\t\t\t\t<\/div>\n\t\t<div class=\"elementor-element elementor-element-925bb44 e-con-full e-flex e-con e-child\" data-id=\"925bb44\" data-element_type=\"container\">\n\t\t\t\t<div class=\"elementor-element elementor-element-248af44 elementor-widget elementor-widget-text-editor\" data-id=\"248af44\" data-element_type=\"widget\" data-widget_type=\"text-editor.default\">\n\t\t\t\t<div class=\"elementor-widget-container\">\n\t\t\t\t\t\t\t\t\t<p>Pour conna\u00eetre le co\u00fbt de l'adh\u00e9sion annuelle, veuillez consulter la page d'inscription \u00ab Devenir membre \u00bb (lien ci-dessous).\u00a0<\/p>\t\t\t\t\t\t\t\t<\/div>\n\t\t\t\t<\/div>\n\t\t\t\t<div class=\"elementor-element elementor-element-3ed2c7b elementor-align-center elementor-widget elementor-widget-button\" data-id=\"3ed2c7b\" data-element_type=\"widget\" data-widget_type=\"button.default\">\n\t\t\t\t<div class=\"elementor-widget-container\">\n\t\t\t\t\t\t\t\t\t<div class=\"elementor-button-wrapper\">\n\t\t\t\t\t<a class=\"elementor-button elementor-button-link elementor-size-sm\" href=\"\/fr\/civicrm\/contribute\/transact\/?reset=1&#038;id=1\">\n\t\t\t\t\t\t<span class=\"elementor-button-content-wrapper\">\n\t\t\t\t\t\t\t\t\t<span class=\"elementor-button-text\">Devenir membre<\/span>\n\t\t\t\t\t<\/span>\n\t\t\t\t\t<\/a>\n\t\t\t\t<\/div>\n\t\t\t\t\t\t\t\t<\/div>\n\t\t\t\t<\/div>\n\t\t\t\t<div class=\"elementor-element elementor-element-f33487a elementor-widget elementor-widget-spacer\" data-id=\"f33487a\" data-element_type=\"widget\" data-widget_type=\"spacer.default\">\n\t\t\t\t<div class=\"elementor-widget-container\">\n\t\t\t\t\t\t\t<div class=\"elementor-spacer\">\n\t\t\t<div class=\"elementor-spacer-inner\"><\/div>\n\t\t<\/div>\n\t\t\t\t\t\t<\/div>\n\t\t\t\t<\/div>\n\t\t\t\t<\/div>\n\t\t\t\t<\/div>\n\t\t\t\t\t<\/div>\n\t\t\t\t<\/div>\n\t\t\t\t<\/div>","protected":false},"excerpt":{"rendered":"<p>Already a Member? Renew Now! Already a Member? Renew Now! Become a CABA-ACAB Member Our Association has a variety of membership types that reflect various career stages of our membership. These include student, special, regular, and lifetime members (each outlined below). The following are some of the benefits that come with membership in the Canadian [&hellip;]<\/p>","protected":false},"author":1,"featured_media":0,"parent":0,"menu_order":0,"comment_status":"closed","ping_status":"closed","template":"","meta":{"_acf_changed":false,"footnotes":""},"class_list":["post-90","page","type-page","status-publish","hentry"],"acf":[],"publishpress_future_action":{"enabled":false,"date":"2026-05-13 13:54:07","action":"change-status","newStatus":"draft","terms":[],"taxonomy":"","extraData":[]},"publishpress_future_workflow_manual_trigger":{"enabledWorkflows":[]},"_links":{"self":[{"href":"https:\/\/caba-acab.ca\/fr\/wp-json\/wp\/v2\/pages\/90","targetHints":{"allow":["GET"]}}],"collection":[{"href":"https:\/\/caba-acab.ca\/fr\/wp-json\/wp\/v2\/pages"}],"about":[{"href":"https:\/\/caba-acab.ca\/fr\/wp-json\/wp\/v2\/types\/page"}],"author":[{"embeddable":true,"href":"https:\/\/caba-acab.ca\/fr\/wp-json\/wp\/v2\/users\/1"}],"replies":[{"embeddable":true,"href":"https:\/\/caba-acab.ca\/fr\/wp-json\/wp\/v2\/comments?post=90"}],"version-history":[{"count":32,"href":"https:\/\/caba-acab.ca\/fr\/wp-json\/wp\/v2\/pages\/90\/revisions"}],"predecessor-version":[{"id":2417,"href":"https:\/\/caba-acab.ca\/fr\/wp-json\/wp\/v2\/pages\/90\/revisions\/2417"}],"wp:attachment":[{"href":"https:\/\/caba-acab.ca\/fr\/wp-json\/wp\/v2\/media?parent=90"}],"curies":[{"name":"wp","href":"https:\/\/api.w.org\/{rel}","templated":true}]}}